{"id":165,"date":"2025-03-06T15:17:14","date_gmt":"2025-03-06T15:17:14","guid":{"rendered":"https:\/\/birikimtesvik.com\/index.php\/home\/"},"modified":"2025-03-18T08:41:03","modified_gmt":"2025-03-18T08:41:03","slug":"home","status":"publish","type":"page","link":"http:\/\/birikimtesvik.com\/","title":{"rendered":"Birikim Te\u015fvik Anasayfa"},"content":{"rendered":"\t\t<div data-elementor-type=\"wp-page\" data-elementor-id=\"165\" class=\"elementor elementor-165\" data-elementor-post-type=\"page\">\n\t\t\t\t<div class=\"elementor-element elementor-element-d5cfde3 e-flex e-con-boxed e-con e-parent\" data-id=\"d5cfde3\" data-element_type=\"container\" data-e-type=\"container\" data-settings=\"{&quot;background_background&quot;:&quot;classic&quot;}\">\n\t\t\t\t\t<div class=\"e-con-inner\">\n\t\t\t\t<div class=\"elementor-element elementor-element-3ecd55be elementor-invisible elementor-widget elementor-widget-heading\" data-id=\"3ecd55be\" data-element_type=\"widget\" data-e-type=\"widget\" data-settings=\"{&quot;_animation&quot;:&quot;fadeIn&quot;}\" data-widget_type=\"heading.default\">\n\t\t\t\t<div class=\"elementor-widget-container\">\n\t\t\t\t\t<h1 class=\"elementor-heading-title elementor-size-default\">Sanayi Te\u015fvikleri <\/h1>\t\t\t\t<\/div>\n\t\t\t\t<\/div>\n\t\t\t\t<div class=\"elementor-element elementor-element-7c69cb0 elementor-widget elementor-widget-heading\" data-id=\"7c69cb0\" data-element_type=\"widget\" data-e-type=\"widget\" data-widget_type=\"heading.default\">\n\t\t\t\t<div class=\"elementor-widget-container\">\n\t\t\t\t\t<h2 class=\"elementor-heading-title elementor-size-default\">Organize Sanayi B\u00f6lgeleri (OSB), End\u00fcstri B\u00f6lgeleri (EB), Teknoloji Geli\u015ftirme B\u00f6lgeleri (TGB) ve K\u00fc\u00e7\u00fck Sanayi Siteleri (KSS) projelerinde sizlere en g\u00fcncel te\u015fviklerin kazand\u0131r\u0131lmas\u0131 i\u00e7in \u00e7al\u0131\u015f\u0131yoruz <\/h2>\t\t\t\t<\/div>\n\t\t\t\t<\/div>\n\t\t\t\t<div class=\"elementor-element elementor-element-32b3f1bc elementor-invisible elementor-widget elementor-widget-heading\" data-id=\"32b3f1bc\" data-element_type=\"widget\" data-e-type=\"widget\" data-settings=\"{&quot;_animation&quot;:&quot;fadeIn&quot;}\" data-widget_type=\"heading.default\">\n\t\t\t\t<div class=\"elementor-widget-container\">\n\t\t\t\t\t<h5 class=\"elementor-heading-title elementor-size-default\">Ye\u015fil D\u00f6n\u00fc\u015f\u00fcm, Te\u015fvik Dan\u0131\u015fmanl\u0131\u011f\u0131, Proje Te\u015fvik, Laboratuar Kurulumu , Arge (Ar-ge) dan\u0131\u015fmanl\u0131k verilmesi ve benzeri t\u00fcm a\u015famalarda size en iyi hizmet kalitesini sunuyoruz.<\/h5>\t\t\t\t<\/div>\n\t\t\t\t<\/div>\n\t\t\t\t<div class=\"elementor-element elementor-element-eeab9bd elementor-widget-divider--view-line elementor-widget elementor-widget-divider\" data-id=\"eeab9bd\" data-element_type=\"widget\" data-e-type=\"widget\" data-widget_type=\"divider.default\">\n\t\t\t\t<div class=\"elementor-widget-container\">\n\t\t\t\t\t\t\t<div class=\"elementor-divider\">\n\t\t\t<span class=\"elementor-divider-separator\">\n\t\t\t\t\t\t<\/span>\n\t\t<\/div>\n\t\t\t\t\t\t<\/div>\n\t\t\t\t<\/div>\n\t\t\t\t\t<\/div>\n\t\t\t\t<\/div>\n\t\t<div class=\"elementor-element elementor-element-29d96b1 e-flex e-con-boxed e-con e-parent\" data-id=\"29d96b1\" data-element_type=\"container\" data-e-type=\"container\">\n\t\t\t\t\t<div class=\"e-con-inner\">\n\t\t\t\t<div class=\"elementor-element elementor-element-1b72883 elementor-widget elementor-widget-spacer\" data-id=\"1b72883\" data-element_type=\"widget\" data-e-type=\"widget\" data-widget_type=\"spacer.default\">\n\t\t\t\t<div class=\"elementor-widget-container\">\n\t\t\t\t\t\t\t<div class=\"elementor-spacer\">\n\t\t\t<div class=\"elementor-spacer-inner\"><\/div>\n\t\t<\/div>\n\t\t\t\t\t\t<\/div>\n\t\t\t\t<\/div>\n\t\t\t\t\t<\/div>\n\t\t\t\t<\/div>\n\t\t<div class=\"elementor-element elementor-element-76b52626 e-flex e-con-boxed e-con e-parent\" data-id=\"76b52626\" data-element_type=\"container\" data-e-type=\"container\">\n\t\t\t\t\t<div class=\"e-con-inner\">\n\t\t\t\t<div class=\"elementor-element elementor-element-30e5297 elementor-widget elementor-widget-heading\" data-id=\"30e5297\" data-element_type=\"widget\" data-e-type=\"widget\" data-widget_type=\"heading.default\">\n\t\t\t\t<div class=\"elementor-widget-container\">\n\t\t\t\t\t<h2 class=\"elementor-heading-title elementor-size-default\">Dan\u0131\u015fmanl\u0131k Alanlar\u0131m\u0131z<\/h2>\t\t\t\t<\/div>\n\t\t\t\t<\/div>\n\t\t<div class=\"elementor-element elementor-element-b2d7dbe e-con-full e-flex e-con e-child\" data-id=\"b2d7dbe\" data-element_type=\"container\" data-e-type=\"container\">\n\t\t\t\t<div class=\"elementor-element elementor-element-43ed2439 elementor-widget-tablet__width-initial elementor-widget-mobile__width-inherit elementor-widget__width-initial elementor-position-top elementor-widget elementor-widget-image-box\" data-id=\"43ed2439\" data-element_type=\"widget\" data-e-type=\"widget\" data-widget_type=\"image-box.default\">\n\t\t\t\t<div class=\"elementor-widget-container\">\n\t\t\t\t\t<div class=\"elementor-image-box-wrapper\"><figure class=\"elementor-image-box-img\"><img fetchpriority=\"high\" decoding=\"async\" width=\"2560\" height=\"1682\" src=\"http:\/\/birikimtesvik.com\/wp-content\/uploads\/2025\/03\/AdobeStock_172956774-scaled.jpeg\" class=\"elementor-animation-grow attachment-full size-full wp-image-273\" alt=\"\" srcset=\"http:\/\/birikimtesvik.com\/wp-content\/uploads\/2025\/03\/AdobeStock_172956774-scaled.jpeg 2560w, http:\/\/birikimtesvik.com\/wp-content\/uploads\/2025\/03\/AdobeStock_172956774-300x197.jpeg 300w, http:\/\/birikimtesvik.com\/wp-content\/uploads\/2025\/03\/AdobeStock_172956774-1024x673.jpeg 1024w, http:\/\/birikimtesvik.com\/wp-content\/uploads\/2025\/03\/AdobeStock_172956774-768x505.jpeg 768w, http:\/\/birikimtesvik.com\/wp-content\/uploads\/2025\/03\/AdobeStock_172956774-1536x1009.jpeg 1536w, http:\/\/birikimtesvik.com\/wp-content\/uploads\/2025\/03\/AdobeStock_172956774-2048x1346.jpeg 2048w\" sizes=\"(max-width: 2560px) 100vw, 2560px\" \/><\/figure><div class=\"elementor-image-box-content\"><h4 class=\"elementor-image-box-title\">Ye\u015fil D\u00f6n\u00fc\u015f\u00fcm<\/h4><p class=\"elementor-image-box-description\">\u0130\u015fletmelerin uygulamas\u0131 gereken kanun maddeleri gere\u011fi at\u0131k ve enerji sa\u011flama s\u00fcre\u00e7lerini geli\u015ftiriyoruz.\n<\/p><\/div><\/div>\t\t\t\t<\/div>\n\t\t\t\t<\/div>\n\t\t\t\t<div class=\"elementor-element elementor-element-3afe9b04 elementor-widget-tablet__width-initial elementor-widget-mobile__width-inherit elementor-widget__width-initial elementor-position-top elementor-widget elementor-widget-image-box\" data-id=\"3afe9b04\" data-element_type=\"widget\" data-e-type=\"widget\" data-widget_type=\"image-box.default\">\n\t\t\t\t<div class=\"elementor-widget-container\">\n\t\t\t\t\t<div class=\"elementor-image-box-wrapper\"><figure class=\"elementor-image-box-img\"><img decoding=\"async\" width=\"2560\" height=\"1920\" src=\"http:\/\/birikimtesvik.com\/wp-content\/uploads\/2025\/03\/AdobeStock_127409041-scaled.jpeg\" class=\"elementor-animation-grow attachment-full size-full wp-image-323\" alt=\"\" srcset=\"http:\/\/birikimtesvik.com\/wp-content\/uploads\/2025\/03\/AdobeStock_127409041-scaled.jpeg 2560w, http:\/\/birikimtesvik.com\/wp-content\/uploads\/2025\/03\/AdobeStock_127409041-300x225.jpeg 300w, http:\/\/birikimtesvik.com\/wp-content\/uploads\/2025\/03\/AdobeStock_127409041-1024x768.jpeg 1024w, http:\/\/birikimtesvik.com\/wp-content\/uploads\/2025\/03\/AdobeStock_127409041-768x576.jpeg 768w, http:\/\/birikimtesvik.com\/wp-content\/uploads\/2025\/03\/AdobeStock_127409041-1536x1152.jpeg 1536w, http:\/\/birikimtesvik.com\/wp-content\/uploads\/2025\/03\/AdobeStock_127409041-2048x1536.jpeg 2048w\" sizes=\"(max-width: 2560px) 100vw, 2560px\" \/><\/figure><div class=\"elementor-image-box-content\"><h4 class=\"elementor-image-box-title\">G\u0131da Sekt\u00f6r\u00fc Dan\u0131\u015fmanl\u0131k<\/h4><p class=\"elementor-image-box-description\">Hijyen yakla\u015f\u0131mlar\u0131 , \u00dcr\u00fcn Tedarik S\u00fcre\u00e7leri , Standart \u00fcr\u00fcn protokolleri , Paketleme ve ambalaj s\u00fcre\u00e7leri gibi s\u00fcrecin her aya\u011f\u0131nda i\u015finizi iyile\u015ftiriyoruz.<\/p><\/div><\/div>\t\t\t\t<\/div>\n\t\t\t\t<\/div>\n\t\t\t\t<div class=\"elementor-element elementor-element-4013ea92 elementor-widget-tablet__width-initial elementor-widget-mobile__width-inherit elementor-widget__width-initial elementor-position-top elementor-widget elementor-widget-image-box\" data-id=\"4013ea92\" data-element_type=\"widget\" data-e-type=\"widget\" data-widget_type=\"image-box.default\">\n\t\t\t\t<div class=\"elementor-widget-container\">\n\t\t\t\t\t<div class=\"elementor-image-box-wrapper\"><figure class=\"elementor-image-box-img\"><img decoding=\"async\" width=\"2560\" height=\"1706\" src=\"http:\/\/birikimtesvik.com\/wp-content\/uploads\/2025\/03\/AdobeStock_177167838-scaled.jpeg\" class=\"elementor-animation-grow attachment-full size-full wp-image-276\" alt=\"\" srcset=\"http:\/\/birikimtesvik.com\/wp-content\/uploads\/2025\/03\/AdobeStock_177167838-scaled.jpeg 2560w, http:\/\/birikimtesvik.com\/wp-content\/uploads\/2025\/03\/AdobeStock_177167838-300x200.jpeg 300w, http:\/\/birikimtesvik.com\/wp-content\/uploads\/2025\/03\/AdobeStock_177167838-1024x683.jpeg 1024w, http:\/\/birikimtesvik.com\/wp-content\/uploads\/2025\/03\/AdobeStock_177167838-768x512.jpeg 768w, http:\/\/birikimtesvik.com\/wp-content\/uploads\/2025\/03\/AdobeStock_177167838-1536x1024.jpeg 1536w, http:\/\/birikimtesvik.com\/wp-content\/uploads\/2025\/03\/AdobeStock_177167838-2048x1365.jpeg 2048w\" sizes=\"(max-width: 2560px) 100vw, 2560px\" \/><\/figure><div class=\"elementor-image-box-content\"><h4 class=\"elementor-image-box-title\">Te\u015fvik ve Hibe<\/h4><p class=\"elementor-image-box-description\">Organize Sanayi B\u00f6lgeleri (OSB), End\u00fcstri B\u00f6lgeleri (EB), Teknoloji Geli\u015ftirme B\u00f6lgeleri (TGB) projelerinde en g\u00fcncel te\u015fviklerin sizlere kazand\u0131r\u0131lmas\u0131 i\u00e7in \u00e7al\u0131\u015f\u0131yoruz.<\/p><\/div><\/div>\t\t\t\t<\/div>\n\t\t\t\t<\/div>\n\t\t\t\t<div class=\"elementor-element elementor-element-580d492f elementor-widget-tablet__width-initial elementor-widget-mobile__width-inherit elementor-widget__width-initial elementor-position-top elementor-widget elementor-widget-image-box\" data-id=\"580d492f\" data-element_type=\"widget\" data-e-type=\"widget\" data-widget_type=\"image-box.default\">\n\t\t\t\t<div class=\"elementor-widget-container\">\n\t\t\t\t\t<div class=\"elementor-image-box-wrapper\"><figure class=\"elementor-image-box-img\"><img loading=\"lazy\" decoding=\"async\" width=\"2560\" height=\"1440\" src=\"http:\/\/birikimtesvik.com\/wp-content\/uploads\/2025\/03\/iStock-827580994-scaled.jpg\" class=\"elementor-animation-grow attachment-full size-full wp-image-211\" alt=\"\" srcset=\"http:\/\/birikimtesvik.com\/wp-content\/uploads\/2025\/03\/iStock-827580994-scaled.jpg 2560w, http:\/\/birikimtesvik.com\/wp-content\/uploads\/2025\/03\/iStock-827580994-300x169.jpg 300w, http:\/\/birikimtesvik.com\/wp-content\/uploads\/2025\/03\/iStock-827580994-1024x576.jpg 1024w, http:\/\/birikimtesvik.com\/wp-content\/uploads\/2025\/03\/iStock-827580994-768x432.jpg 768w, http:\/\/birikimtesvik.com\/wp-content\/uploads\/2025\/03\/iStock-827580994-1536x864.jpg 1536w, http:\/\/birikimtesvik.com\/wp-content\/uploads\/2025\/03\/iStock-827580994-2048x1152.jpg 2048w\" sizes=\"(max-width: 2560px) 100vw, 2560px\" \/><\/figure><div class=\"elementor-image-box-content\"><h4 class=\"elementor-image-box-title\">Ar-ge Te\u015fvik\u200b<\/h4><p class=\"elementor-image-box-description\">Katma de\u011fer \u00fcretiminin olmazsa olmaz alan\u0131 olan geli\u015ftirme b\u00f6lgelerine gerekli ekipmanlar\u0131n destek \u00f6denek ile temin edilmesi , g\u00fcvenli \u00e7al\u0131\u015fma alanlar\u0131n\u0131n olu\u015fturulmas\u0131 gibi sekt\u00f6rel olarak ilerlemenizdeki ihtiya\u00e7lar\u0131n\u0131z\u0131 gideriyoruz.<\/p><\/div><\/div>\t\t\t\t<\/div>\n\t\t\t\t<\/div>\n\t\t\t\t<\/div>\n\t\t\t\t\t<\/div>\n\t\t\t\t<\/div>\n\t\t<div class=\"elementor-element elementor-element-bf9812d e-flex e-con-boxed e-con e-parent\" data-id=\"bf9812d\" data-element_type=\"container\" data-e-type=\"container\">\n\t\t\t\t\t<div class=\"e-con-inner\">\n\t\t\t\t<div class=\"elementor-element elementor-element-9e77c01 elementor-widget elementor-widget-spacer\" data-id=\"9e77c01\" data-element_type=\"widget\" data-e-type=\"widget\" data-widget_type=\"spacer.default\">\n\t\t\t\t<div class=\"elementor-widget-container\">\n\t\t\t\t\t\t\t<div class=\"elementor-spacer\">\n\t\t\t<div class=\"elementor-spacer-inner\"><\/div>\n\t\t<\/div>\n\t\t\t\t\t\t<\/div>\n\t\t\t\t<\/div>\n\t\t\t\t\t<\/div>\n\t\t\t\t<\/div>\n\t\t<div class=\"elementor-element elementor-element-e02a846 e-flex e-con-boxed e-con e-parent\" data-id=\"e02a846\" data-element_type=\"container\" data-e-type=\"container\" data-settings=\"{&quot;background_background&quot;:&quot;classic&quot;}\">\n\t\t\t\t\t<div class=\"e-con-inner\">\n\t\t\t\t<div class=\"elementor-element elementor-element-47c7c0e elementor-widget elementor-widget-heading\" data-id=\"47c7c0e\" data-element_type=\"widget\" data-e-type=\"widget\" data-widget_type=\"heading.default\">\n\t\t\t\t<div class=\"elementor-widget-container\">\n\t\t\t\t\t<h3 class=\"elementor-heading-title elementor-size-default\">Devlet Te\u015fvik Proje Dan\u0131\u015fmanl\u0131\u011f\u0131\n<\/h3>\t\t\t\t<\/div>\n\t\t\t\t<\/div>\n\t\t\t\t<div class=\"elementor-element elementor-element-5470f75 elementor-widget elementor-widget-heading\" data-id=\"5470f75\" data-element_type=\"widget\" data-e-type=\"widget\" data-widget_type=\"heading.default\">\n\t\t\t\t<div class=\"elementor-widget-container\">\n\t\t\t\t\t<h4 class=\"elementor-heading-title elementor-size-default\">Birikim Te\u015fvik olarak  s\u00fcre\u00e7lerinizi birlikte planlayal\u0131m;<\/h4>\t\t\t\t<\/div>\n\t\t\t\t<\/div>\n\t\t\t\t<div class=\"elementor-element elementor-element-c5551a9 elementor-widget elementor-widget-heading\" data-id=\"c5551a9\" data-element_type=\"widget\" data-e-type=\"widget\" data-widget_type=\"heading.default\">\n\t\t\t\t<div class=\"elementor-widget-container\">\n\t\t\t\t\t<h6 class=\"elementor-heading-title elementor-size-default\">Birikim Te\u015fvik olarak ilk g\u00fcnden beri ba\u011flant\u0131lar\u0131m\u0131z\u0131n i\u015f geli\u015ftirme s\u00fcre\u00e7lerini h\u0131zland\u0131rmak i\u00e7in birlikte yol al\u0131yoruz. Ayr\u0131ca geli\u015fmekte olan sekt\u00f6rler hakk\u0131nda bilgi toplay\u0131p holdingle\u015fme s\u00fcrecindeki payda\u015flar\u0131m\u0131z\u0131n risk y\u00f6netimi s\u00fcre\u00e7lerine \u0131\u015f\u0131k tutuyoruz. <br><\/h6>\t\t\t\t<\/div>\n\t\t\t\t<\/div>\n\t\t<div class=\"elementor-element elementor-element-a87b97f e-con-full e-flex e-con e-child\" data-id=\"a87b97f\" data-element_type=\"container\" data-e-type=\"container\">\n\t\t<div class=\"elementor-element elementor-element-b81e5bc e-grid e-con-full e-con e-child\" data-id=\"b81e5bc\" data-element_type=\"container\" data-e-type=\"container\">\n\t\t\t\t<div class=\"elementor-element elementor-element-ac867d8 elementor-align-center elementor-widget elementor-widget-button\" data-id=\"ac867d8\" data-element_type=\"widget\" data-e-type=\"widget\" data-widget_type=\"button.default\">\n\t\t\t\t<div class=\"elementor-widget-container\">\n\t\t\t\t\t\t\t\t\t<div class=\"elementor-button-wrapper\">\n\t\t\t\t\t<a class=\"elementor-button elementor-button-link elementor-size-sm\" href=\"https:\/\/birikimtesvik.com\/index.php\/our-story\/\">\n\t\t\t\t\t\t<span class=\"elementor-button-content-wrapper\">\n\t\t\t\t\t\t\t\t\t<span class=\"elementor-button-text\">Hakk\u0131m\u0131zda<\/span>\n\t\t\t\t\t<\/span>\n\t\t\t\t\t<\/a>\n\t\t\t\t<\/div>\n\t\t\t\t\t\t\t\t<\/div>\n\t\t\t\t<\/div>\n\t\t\t\t<div class=\"elementor-element elementor-element-cd49278 elementor-align-center elementor-widget elementor-widget-button\" data-id=\"cd49278\" data-element_type=\"widget\" data-e-type=\"widget\" data-widget_type=\"button.default\">\n\t\t\t\t<div class=\"elementor-widget-container\">\n\t\t\t\t\t\t\t\t\t<div class=\"elementor-button-wrapper\">\n\t\t\t\t\t<a class=\"elementor-button elementor-button-link elementor-size-sm\" href=\"https:\/\/birikimtesvik.com\/index.php\/our-services\/\">\n\t\t\t\t\t\t<span class=\"elementor-button-content-wrapper\">\n\t\t\t\t\t\t\t\t\t<span class=\"elementor-button-text\">Hizmetlerimiz<\/span>\n\t\t\t\t\t<\/span>\n\t\t\t\t\t<\/a>\n\t\t\t\t<\/div>\n\t\t\t\t\t\t\t\t<\/div>\n\t\t\t\t<\/div>\n\t\t\t\t<div class=\"elementor-element elementor-element-2bd3cda elementor-align-center elementor-widget elementor-widget-button\" data-id=\"2bd3cda\" data-element_type=\"widget\" data-e-type=\"widget\" data-widget_type=\"button.default\">\n\t\t\t\t<div class=\"elementor-widget-container\">\n\t\t\t\t\t\t\t\t\t<div class=\"elementor-button-wrapper\">\n\t\t\t\t\t<a class=\"elementor-button elementor-button-link elementor-size-sm\" href=\"https:\/\/birikimtesvik.com\/index.php\/contact-us\/\">\n\t\t\t\t\t\t<span class=\"elementor-button-content-wrapper\">\n\t\t\t\t\t\t\t\t\t<span class=\"elementor-button-text\">\u0130leti\u015fim<\/span>\n\t\t\t\t\t<\/span>\n\t\t\t\t\t<\/a>\n\t\t\t\t<\/div>\n\t\t\t\t\t\t\t\t<\/div>\n\t\t\t\t<\/div>\n\t\t\t\t<\/div>\n\t\t\t\t<\/div>\n\t\t\t\t\t<\/div>\n\t\t\t\t<\/div>\n\t\t<div class=\"elementor-element elementor-element-58d1df0 e-flex e-con-boxed e-con e-parent\" data-id=\"58d1df0\" data-element_type=\"container\" data-e-type=\"container\">\n\t\t\t\t\t<div class=\"e-con-inner\">\n\t\t\t\t<div class=\"elementor-element elementor-element-0d7c01e elementor-widget elementor-widget-spacer\" data-id=\"0d7c01e\" data-element_type=\"widget\" data-e-type=\"widget\" data-widget_type=\"spacer.default\">\n\t\t\t\t<div class=\"elementor-widget-container\">\n\t\t\t\t\t\t\t<div class=\"elementor-spacer\">\n\t\t\t<div class=\"elementor-spacer-inner\"><\/div>\n\t\t<\/div>\n\t\t\t\t\t\t<\/div>\n\t\t\t\t<\/div>\n\t\t\t\t\t<\/div>\n\t\t\t\t<\/div>\n\t\t<div class=\"elementor-element elementor-element-77ccfb7a e-con-full e-flex e-con e-parent\" data-id=\"77ccfb7a\" data-element_type=\"container\" data-e-type=\"container\" data-settings=\"{&quot;background_background&quot;:&quot;classic&quot;}\">\n\t\t\t\t<div class=\"elementor-element elementor-element-764d0839 elementor-cta--layout-image-right elementor-cta--valign-middle elementor-cta--mobile-layout-image-above elementor-widget__width-initial elementor-widget-tablet__width-inherit elementor-cta--skin-classic elementor-animated-content elementor-bg-transform elementor-bg-transform-zoom-in elementor-widget elementor-widget-call-to-action\" data-id=\"764d0839\" data-element_type=\"widget\" data-e-type=\"widget\" data-widget_type=\"call-to-action.default\">\n\t\t\t\t<div class=\"elementor-widget-container\">\n\t\t\t\t\t\t\t<div class=\"elementor-cta\">\n\t\t\t\t\t\t\t<div class=\"elementor-cta__content\">\n\t\t\t\t\n\t\t\t\t\t\t\t\t\t<h2 class=\"elementor-cta__title elementor-cta__content-item elementor-content-item\">\n\t\t\t\t\t\tOtomasyon , IOT , Yapay Zeka\t\t\t\t\t<\/h2>\n\t\t\t\t\n\t\t\t\t\t\t\t\t\t<div class=\"elementor-cta__description elementor-cta__content-item elementor-content-item\">\n\t\t\t\t\t\tGeli\u015fen teknolojik altyap\u0131 sayesinde sekt\u00f6rlerin sistemleri de\u011fi\u015ferek geli\u015fiyor. Payda\u015flar\u0131m\u0131z\u0131n altyap\u0131s\u0131 geli\u015ftirerek daha fazla zaman kazanmalar\u0131n\u0131 sa\u011flamak i\u00e7in \u00e7abal\u0131yoruz. \t\t\t\t\t<\/div>\n\t\t\t\t\n\t\t\t\t\t\t\t\t\t<div class=\"elementor-cta__button-wrapper elementor-cta__content-item elementor-content-item \">\n\t\t\t\t\t<a class=\"elementor-cta__button elementor-button elementor-size-md\">\n\t\t\t\t\t\tSanayi Te\u015fvik Dan\u0131\u015fmanl\u0131k\t\t\t\t\t<\/a>\n\t\t\t\t\t<\/div>\n\t\t\t\t\t\t\t<\/div>\n\t\t\t\t\t\t<\/div>\n\t\t\t\t\t\t<\/div>\n\t\t\t\t<\/div>\n\t\t\t\t<\/div>\n\t\t<div class=\"elementor-element elementor-element-4c3cac6b e-flex e-con-boxed e-con e-parent\" data-id=\"4c3cac6b\" data-element_type=\"container\" data-e-type=\"container\">\n\t\t\t\t\t<div class=\"e-con-inner\">\n\t\t<div class=\"elementor-element elementor-element-34530233 e-con-full e-flex e-con e-child\" data-id=\"34530233\" data-element_type=\"container\" data-e-type=\"container\" data-settings=\"{&quot;background_background&quot;:&quot;classic&quot;}\">\n\t\t\t\t<\/div>\n\t\t<div class=\"elementor-element elementor-element-38737bf9 e-con-full e-flex e-con e-child\" data-id=\"38737bf9\" data-element_type=\"container\" data-e-type=\"container\">\n\t\t\t\t<div class=\"elementor-element elementor-element-4fa4a666 elementor-widget elementor-widget-heading\" data-id=\"4fa4a666\" data-element_type=\"widget\" data-e-type=\"widget\" data-widget_type=\"heading.default\">\n\t\t\t\t<div class=\"elementor-widget-container\">\n\t\t\t\t\t<h2 class=\"elementor-heading-title elementor-size-default\">\u0130htiyaca y\u00f6nelik \u00e7\u00f6z\u00fcmlerimiz<\/h2>\t\t\t\t<\/div>\n\t\t\t\t<\/div>\n\t\t\t\t<div class=\"elementor-element elementor-element-3e691c69 elementor-widget elementor-widget-text-editor\" data-id=\"3e691c69\" data-element_type=\"widget\" data-e-type=\"widget\" data-widget_type=\"text-editor.default\">\n\t\t\t\t<div class=\"elementor-widget-container\">\n\t\t\t\t\t\t\t\t\t<p>\u00d6rnek yakla\u015f\u0131m modelimizle \u00e7al\u0131\u015fma \u015feklimizi\u00a0 sizlerle payla\u015f\u0131yoruz. \u0130\u015finizde atman\u0131z gereken yeni ad\u0131mlar konusunda size destek olarak b\u00fcy\u00fcmenizi desteklemek istiyoruz.\u00a0<\/p>\t\t\t\t\t\t\t\t<\/div>\n\t\t\t\t<\/div>\n\t\t\t\t<div class=\"elementor-element elementor-element-177f164e elementor-mobile-align-center elementor-tablet-align-center elementor-invisible elementor-widget elementor-widget-button\" data-id=\"177f164e\" data-element_type=\"widget\" data-e-type=\"widget\" data-settings=\"{&quot;_animation&quot;:&quot;fadeIn&quot;}\" data-widget_type=\"button.default\">\n\t\t\t\t<div class=\"elementor-widget-container\">\n\t\t\t\t\t\t\t\t\t<div class=\"elementor-button-wrapper\">\n\t\t\t\t\t<a class=\"elementor-button elementor-button-link elementor-size-sm\" href=\"https:\/\/birikimtesvik.com\/index.php\/ar-ge-tesvik\/\">\n\t\t\t\t\t\t<span class=\"elementor-button-content-wrapper\">\n\t\t\t\t\t\t\t\t\t<span class=\"elementor-button-text\">Ar-Ge Te\u015fvik S\u00fcrecimiz<\/span>\n\t\t\t\t\t<\/span>\n\t\t\t\t\t<\/a>\n\t\t\t\t<\/div>\n\t\t\t\t\t\t\t\t<\/div>\n\t\t\t\t<\/div>\n\t\t\t\t<\/div>\n\t\t\t\t\t<\/div>\n\t\t\t\t<\/div>\n\t\t<div class=\"elementor-element elementor-element-e346fea e-flex e-con-boxed e-con e-parent\" data-id=\"e346fea\" data-element_type=\"container\" data-e-type=\"container\">\n\t\t\t\t\t<div class=\"e-con-inner\">\n\t\t\t\t<div class=\"elementor-element elementor-element-04a6fa2 elementor-widget elementor-widget-spacer\" data-id=\"04a6fa2\" data-element_type=\"widget\" data-e-type=\"widget\" data-widget_type=\"spacer.default\">\n\t\t\t\t<div class=\"elementor-widget-container\">\n\t\t\t\t\t\t\t<div class=\"elementor-spacer\">\n\t\t\t<div class=\"elementor-spacer-inner\"><\/div>\n\t\t<\/div>\n\t\t\t\t\t\t<\/div>\n\t\t\t\t<\/div>\n\t\t\t\t\t<\/div>\n\t\t\t\t<\/div>\n\t\t\t\t<\/div>\n\t\t","protected":false},"excerpt":{"rendered":"<p>Sanayi Te\u015fvikleri Organize Sanayi B\u00f6lgeleri (OSB), End\u00fcstri B\u00f6lgeleri (EB), Teknoloji Geli\u015ftirme B\u00f6lgeleri (TGB) ve K\u00fc\u00e7\u00fck Sanayi Siteleri (KSS) projelerinde sizlere en g\u00fcncel te\u015fviklerin kazand\u0131r\u0131lmas\u0131 i\u00e7in \u00e7al\u0131\u015f\u0131yoruz Ye\u015fil D\u00f6n\u00fc\u015f\u00fcm, Te\u015fvik Dan\u0131\u015fmanl\u0131\u011f\u0131, Proje Te\u015fvik, Laboratuar Kurulumu , Arge (Ar-ge) dan\u0131\u015fmanl\u0131k verilmesi ve benzeri t\u00fcm a\u015famalarda size en iyi hizmet kalitesini sunuyoruz. Dan\u0131\u015fmanl\u0131k Alanlar\u0131m\u0131z Ye\u015fil D\u00f6n\u00fc\u015f\u00fcm \u0130\u015fletmelerin uygulamas\u0131 [&hellip;]<\/p>\n","protected":false},"author":1,"featured_media":0,"parent":0,"menu_order":0,"comment_status":"closed","ping_status":"closed","template":"elementor_header_footer","meta":{"footnotes":""},"class_list":["post-165","page","type-page","status-publish","hentry"],"_links":{"self":[{"href":"http:\/\/birikimtesvik.com\/index.php\/wp-json\/wp\/v2\/pages\/165","targetHints":{"allow":["GET"]}}],"collection":[{"href":"http:\/\/birikimtesvik.com\/index.php\/wp-json\/wp\/v2\/pages"}],"about":[{"href":"http:\/\/birikimtesvik.com\/index.php\/wp-json\/wp\/v2\/types\/page"}],"author":[{"embeddable":true,"href":"http:\/\/birikimtesvik.com\/index.php\/wp-json\/wp\/v2\/users\/1"}],"replies":[{"embeddable":true,"href":"http:\/\/birikimtesvik.com\/index.php\/wp-json\/wp\/v2\/comments?post=165"}],"version-history":[{"count":58,"href":"http:\/\/birikimtesvik.com\/index.php\/wp-json\/wp\/v2\/pages\/165\/revisions"}],"predecessor-version":[{"id":522,"href":"http:\/\/birikimtesvik.com\/index.php\/wp-json\/wp\/v2\/pages\/165\/revisions\/522"}],"wp:attachment":[{"href":"http:\/\/birikimtesvik.com\/index.php\/wp-json\/wp\/v2\/media?parent=165"}],"curies":[{"name":"wp","href":"https:\/\/api.w.org\/{rel}","templated":true}]}}