{"id":411,"date":"2025-03-09T18:01:04","date_gmt":"2025-03-09T18:01:04","guid":{"rendered":"https:\/\/birikimtesvik.com\/?page_id=411"},"modified":"2025-03-09T18:05:40","modified_gmt":"2025-03-09T18:05:40","slug":"ar-ge-tesvik","status":"publish","type":"page","link":"http:\/\/birikimtesvik.com\/index.php\/ar-ge-tesvik\/","title":{"rendered":"Ar-ge Te\u015fvik"},"content":{"rendered":"\t\t<div data-elementor-type=\"wp-page\" data-elementor-id=\"411\" class=\"elementor elementor-411\" data-elementor-post-type=\"page\">\n\t\t\t\t<div class=\"elementor-element elementor-element-1f78795 e-flex e-con-boxed e-con e-parent\" data-id=\"1f78795\" data-element_type=\"container\" data-e-type=\"container\" data-settings=\"{&quot;background_background&quot;:&quot;classic&quot;}\">\n\t\t\t\t\t<div class=\"e-con-inner\">\n\t\t\t\t<div class=\"elementor-element elementor-element-37bfb5b elementor-invisible elementor-widget elementor-widget-heading\" data-id=\"37bfb5b\" data-element_type=\"widget\" data-e-type=\"widget\" data-settings=\"{&quot;_animation&quot;:&quot;fadeIn&quot;}\" data-widget_type=\"heading.default\">\n\t\t\t\t<div class=\"elementor-widget-container\">\n\t\t\t\t\t<h1 class=\"elementor-heading-title elementor-size-default\">Arge Te\u015fvikleri <\/h1>\t\t\t\t<\/div>\n\t\t\t\t<\/div>\n\t\t\t\t<div class=\"elementor-element elementor-element-358da23 elementor-widget elementor-widget-heading\" data-id=\"358da23\" data-element_type=\"widget\" data-e-type=\"widget\" data-widget_type=\"heading.default\">\n\t\t\t\t<div class=\"elementor-widget-container\">\n\t\t\t\t\t<h2 class=\"elementor-heading-title elementor-size-default\">Sanayi ve Teknoloji Bakanl\u0131\u011f\u0131'n\u0131n sa\u011flad\u0131\u011f\u0131 Ar-Ge ve Tasar\u0131m desteklerinden faydalanabilmek i\u00e7in gereken t\u00fcm ba\u015fvuru ve uygulama i\u015flemlerini y\u00fcr\u00fct\u00fcyoruz. Ba\u015fvurunuzu yaparak bu desteklerden yararlanma f\u0131rsat\u0131 sunuyoruz. <\/h2>\t\t\t\t<\/div>\n\t\t\t\t<\/div>\n\t\t\t\t<div class=\"elementor-element elementor-element-a5d5669 elementor-invisible elementor-widget elementor-widget-heading\" data-id=\"a5d5669\" data-element_type=\"widget\" data-e-type=\"widget\" data-settings=\"{&quot;_animation&quot;:&quot;fadeIn&quot;}\" data-widget_type=\"heading.default\">\n\t\t\t\t<div class=\"elementor-widget-container\">\n\t\t\t\t\t<h5 class=\"elementor-heading-title elementor-size-default\">Ayr\u0131ca projelerinizi bir araya getiriyor, mali ve teknik a\u00e7\u0131dan etkin bir y\u00f6netimle s\u00fcre\u00e7 boyunca dan\u0131\u015fmanl\u0131k hizmeti veriyoruz.<\/h5>\t\t\t\t<\/div>\n\t\t\t\t<\/div>\n\t\t\t\t<div class=\"elementor-element elementor-element-4fd8dfd elementor-widget-divider--view-line elementor-widget elementor-widget-divider\" data-id=\"4fd8dfd\" data-element_type=\"widget\" data-e-type=\"widget\" data-widget_type=\"divider.default\">\n\t\t\t\t<div class=\"elementor-widget-container\">\n\t\t\t\t\t\t\t<div class=\"elementor-divider\">\n\t\t\t<span class=\"elementor-divider-separator\">\n\t\t\t\t\t\t<\/span>\n\t\t<\/div>\n\t\t\t\t\t\t<\/div>\n\t\t\t\t<\/div>\n\t\t\t\t\t<\/div>\n\t\t\t\t<\/div>\n\t\t<div class=\"elementor-element elementor-element-8a643c9 e-flex e-con-boxed e-con e-parent\" data-id=\"8a643c9\" data-element_type=\"container\" data-e-type=\"container\">\n\t\t\t\t\t<div class=\"e-con-inner\">\n\t\t<div class=\"elementor-element elementor-element-650d295 e-con-full e-flex e-con e-child\" data-id=\"650d295\" data-element_type=\"container\" data-e-type=\"container\">\n\t\t\t\t<div class=\"elementor-element elementor-element-c264a5c elementor-widget elementor-widget-heading\" data-id=\"c264a5c\" data-element_type=\"widget\" data-e-type=\"widget\" data-widget_type=\"heading.default\">\n\t\t\t\t<div class=\"elementor-widget-container\">\n\t\t\t\t\t<h2 class=\"elementor-heading-title elementor-size-default\">Arge Te\u015fvik S\u00fcrecini Y\u00fcr\u00fctme S\u00fcrecimiz <\/h2>\t\t\t\t<\/div>\n\t\t\t\t<\/div>\n\t\t\t\t<div class=\"elementor-element elementor-element-8acd605 elementor-widget elementor-widget-heading\" data-id=\"8acd605\" data-element_type=\"widget\" data-e-type=\"widget\" data-widget_type=\"heading.default\">\n\t\t\t\t<div class=\"elementor-widget-container\">\n\t\t\t\t\t<h5 class=\"elementor-heading-title elementor-size-default\">K\u0131saca uygulad\u0131\u011f\u0131m\u0131z ad\u0131mlar <\/h5>\t\t\t\t<\/div>\n\t\t\t\t<\/div>\n\t\t<div class=\"elementor-element elementor-element-a7fc8bd e-con-full e-flex e-con e-child\" data-id=\"a7fc8bd\" data-element_type=\"container\" data-e-type=\"container\">\n\t\t\t\t<div class=\"elementor-element elementor-element-2974740 elementor-widget-tablet__width-initial elementor-widget-mobile__width-inherit elementor-widget__width-initial elementor-position-top elementor-widget elementor-widget-image-box\" data-id=\"2974740\" data-element_type=\"widget\" data-e-type=\"widget\" data-widget_type=\"image-box.default\">\n\t\t\t\t<div class=\"elementor-widget-container\">\n\t\t\t\t\t<div class=\"elementor-image-box-wrapper\"><figure class=\"elementor-image-box-img\"><img fetchpriority=\"high\" decoding=\"async\" width=\"2560\" height=\"1707\" src=\"http:\/\/birikimtesvik.com\/wp-content\/uploads\/2025\/03\/leon-dewiwje-ldDmTgf89gU-unsplash-scaled.jpg\" class=\"elementor-animation-grow attachment-full size-full wp-image-209\" alt=\"\" srcset=\"http:\/\/birikimtesvik.com\/wp-content\/uploads\/2025\/03\/leon-dewiwje-ldDmTgf89gU-unsplash-scaled.jpg 2560w, http:\/\/birikimtesvik.com\/wp-content\/uploads\/2025\/03\/leon-dewiwje-ldDmTgf89gU-unsplash-300x200.jpg 300w, http:\/\/birikimtesvik.com\/wp-content\/uploads\/2025\/03\/leon-dewiwje-ldDmTgf89gU-unsplash-1024x683.jpg 1024w, http:\/\/birikimtesvik.com\/wp-content\/uploads\/2025\/03\/leon-dewiwje-ldDmTgf89gU-unsplash-768x512.jpg 768w, http:\/\/birikimtesvik.com\/wp-content\/uploads\/2025\/03\/leon-dewiwje-ldDmTgf89gU-unsplash-1536x1024.jpg 1536w, http:\/\/birikimtesvik.com\/wp-content\/uploads\/2025\/03\/leon-dewiwje-ldDmTgf89gU-unsplash-2048x1365.jpg 2048w\" sizes=\"(max-width: 2560px) 100vw, 2560px\" \/><\/figure><div class=\"elementor-image-box-content\"><h4 class=\"elementor-image-box-title\">ba\u015fvuru<\/h4><p class=\"elementor-image-box-description\">- Ar-Ge ve Tasar\u0131m Merkezi i\u00e7in Ar-Ge, yenilik ve inovasyon i\u00e7eren proje fikirlerinin ba\u015fvuru prosed\u00fcrlerine uygun hale getirilerek Sanayi ve Teknoloji Bakanl\u0131\u011f\u0131na ba\u015fvurulmas\u0131,\n\n<\/p><\/div><\/div>\t\t\t\t<\/div>\n\t\t\t\t<\/div>\n\t\t\t\t<div class=\"elementor-element elementor-element-0035731 elementor-widget-tablet__width-initial elementor-widget-mobile__width-inherit elementor-widget__width-initial elementor-position-top elementor-widget elementor-widget-image-box\" data-id=\"0035731\" data-element_type=\"widget\" data-e-type=\"widget\" data-widget_type=\"image-box.default\">\n\t\t\t\t<div class=\"elementor-widget-container\">\n\t\t\t\t\t<div class=\"elementor-image-box-wrapper\"><figure class=\"elementor-image-box-img\"><img decoding=\"async\" width=\"500\" height=\"200\" src=\"http:\/\/birikimtesvik.com\/wp-content\/uploads\/2025\/03\/birikim-planlama-cozumler.jpg\" class=\"elementor-animation-grow attachment-full size-full wp-image-419\" alt=\"\" srcset=\"http:\/\/birikimtesvik.com\/wp-content\/uploads\/2025\/03\/birikim-planlama-cozumler.jpg 500w, http:\/\/birikimtesvik.com\/wp-content\/uploads\/2025\/03\/birikim-planlama-cozumler-300x120.jpg 300w\" sizes=\"(max-width: 500px) 100vw, 500px\" \/><\/figure><div class=\"elementor-image-box-content\"><h4 class=\"elementor-image-box-title\">De\u011fer \u00d6nerilerinin Geli\u015ftirilmesi ve Detayland\u0131r\u0131lmas\u0131 <\/h4><p class=\"elementor-image-box-description\">Gizlilik s\u00fcre\u00e7lerine sad\u0131k kalarak i\u015fbirli\u011fi i\u00e7inde oldu\u011fumuz akademik kadro ve payda\u015flar\u0131m\u0131zla s\u00fcrecin kritik noktalar\u0131 ba\u015fta olmak \u00fczere geli\u015ftirilmesi<\/p><\/div><\/div>\t\t\t\t<\/div>\n\t\t\t\t<\/div>\n\t\t\t\t<div class=\"elementor-element elementor-element-3035d23 elementor-widget-tablet__width-initial elementor-widget-mobile__width-inherit elementor-widget__width-initial elementor-position-top elementor-widget elementor-widget-image-box\" data-id=\"3035d23\" data-element_type=\"widget\" data-e-type=\"widget\" data-widget_type=\"image-box.default\">\n\t\t\t\t<div class=\"elementor-widget-container\">\n\t\t\t\t\t<div class=\"elementor-image-box-wrapper\"><figure class=\"elementor-image-box-img\"><img decoding=\"async\" width=\"2560\" height=\"1707\" src=\"http:\/\/birikimtesvik.com\/wp-content\/uploads\/2025\/03\/kaleidico-7lryofJ0H9s-unsplash-scaled.jpg\" class=\"elementor-animation-grow attachment-full size-full wp-image-394\" alt=\"\" srcset=\"http:\/\/birikimtesvik.com\/wp-content\/uploads\/2025\/03\/kaleidico-7lryofJ0H9s-unsplash-scaled.jpg 2560w, http:\/\/birikimtesvik.com\/wp-content\/uploads\/2025\/03\/kaleidico-7lryofJ0H9s-unsplash-300x200.jpg 300w, http:\/\/birikimtesvik.com\/wp-content\/uploads\/2025\/03\/kaleidico-7lryofJ0H9s-unsplash-1024x683.jpg 1024w, http:\/\/birikimtesvik.com\/wp-content\/uploads\/2025\/03\/kaleidico-7lryofJ0H9s-unsplash-768x512.jpg 768w, http:\/\/birikimtesvik.com\/wp-content\/uploads\/2025\/03\/kaleidico-7lryofJ0H9s-unsplash-1536x1024.jpg 1536w, http:\/\/birikimtesvik.com\/wp-content\/uploads\/2025\/03\/kaleidico-7lryofJ0H9s-unsplash-2048x1365.jpg 2048w\" sizes=\"(max-width: 2560px) 100vw, 2560px\" \/><\/figure><div class=\"elementor-image-box-content\"><h4 class=\"elementor-image-box-title\">S\u00fcrecin Detayl\u0131 Planlanmas\u0131<\/h4><p class=\"elementor-image-box-description\">S\u00fcre\u00e7te at\u0131lacak ad\u0131mlar\u0131n , al\u0131nacak teknolojik \u00fcr\u00fcnlerin benchmark , g\u00fcmr\u00fck s\u00fcre\u00e7leri ve temin edilmesi sonras\u0131 teslimat prosed\u00fcrlerinin y\u00fcr\u00fct\u00fclmesi <\/p><\/div><\/div>\t\t\t\t<\/div>\n\t\t\t\t<\/div>\n\t\t\t\t<div class=\"elementor-element elementor-element-fbd2819 elementor-widget-tablet__width-initial elementor-widget-mobile__width-inherit elementor-widget__width-initial elementor-position-top elementor-widget elementor-widget-image-box\" data-id=\"fbd2819\" data-element_type=\"widget\" data-e-type=\"widget\" data-widget_type=\"image-box.default\">\n\t\t\t\t<div class=\"elementor-widget-container\">\n\t\t\t\t\t<div class=\"elementor-image-box-wrapper\"><figure class=\"elementor-image-box-img\"><img loading=\"lazy\" decoding=\"async\" width=\"2560\" height=\"1707\" src=\"http:\/\/birikimtesvik.com\/wp-content\/uploads\/2025\/03\/krakenimages-376KN_ISplE-unsplash-scaled.jpg\" class=\"elementor-animation-grow attachment-full size-full wp-image-261\" alt=\"\" srcset=\"http:\/\/birikimtesvik.com\/wp-content\/uploads\/2025\/03\/krakenimages-376KN_ISplE-unsplash-scaled.jpg 2560w, http:\/\/birikimtesvik.com\/wp-content\/uploads\/2025\/03\/krakenimages-376KN_ISplE-unsplash-300x200.jpg 300w, http:\/\/birikimtesvik.com\/wp-content\/uploads\/2025\/03\/krakenimages-376KN_ISplE-unsplash-1024x683.jpg 1024w, http:\/\/birikimtesvik.com\/wp-content\/uploads\/2025\/03\/krakenimages-376KN_ISplE-unsplash-768x512.jpg 768w, http:\/\/birikimtesvik.com\/wp-content\/uploads\/2025\/03\/krakenimages-376KN_ISplE-unsplash-1536x1024.jpg 1536w, http:\/\/birikimtesvik.com\/wp-content\/uploads\/2025\/03\/krakenimages-376KN_ISplE-unsplash-2048x1365.jpg 2048w\" sizes=\"(max-width: 2560px) 100vw, 2560px\" \/><\/figure><div class=\"elementor-image-box-content\"><h4 class=\"elementor-image-box-title\">S\u00fcre\u00e7 Y\u00f6netimi<\/h4><p class=\"elementor-image-box-description\">S\u00fcre\u00e7ten ilk \u00e7\u0131kt\u0131 \u00fcr\u00fcn\u00fc alana kadar ge\u00e7en s\u00fcrenin minimize edilmesini sa\u011flayarak \u015firketin sonraki s\u00fcre\u00e7lerini de planlamak. <\/p><\/div><\/div>\t\t\t\t<\/div>\n\t\t\t\t<\/div>\n\t\t\t\t<\/div>\n\t\t\t\t<\/div>\n\t\t\t\t\t<\/div>\n\t\t\t\t<\/div>\n\t\t<div class=\"elementor-element elementor-element-a8ac43d e-flex e-con-boxed e-con e-parent\" data-id=\"a8ac43d\" data-element_type=\"container\" data-e-type=\"container\" data-settings=\"{&quot;background_background&quot;:&quot;classic&quot;}\">\n\t\t\t\t\t<div class=\"e-con-inner\">\n\t\t\t\t<div class=\"elementor-element elementor-element-4713949 elementor-widget elementor-widget-heading\" data-id=\"4713949\" data-element_type=\"widget\" data-e-type=\"widget\" data-widget_type=\"heading.default\">\n\t\t\t\t<div class=\"elementor-widget-container\">\n\t\t\t\t\t<h3 class=\"elementor-heading-title elementor-size-default\">Ar-Ge Departman\u0131 Avantajlar\u0131\n<\/h3>\t\t\t\t<\/div>\n\t\t\t\t<\/div>\n\t\t\t\t<div class=\"elementor-element elementor-element-88e828c elementor-widget elementor-widget-heading\" data-id=\"88e828c\" data-element_type=\"widget\" data-e-type=\"widget\" data-widget_type=\"heading.default\">\n\t\t\t\t<div class=\"elementor-widget-container\">\n\t\t\t\t\t<h4 class=\"elementor-heading-title elementor-size-default\">Devlet destek ve te\u015fvikler<\/h4>\t\t\t\t<\/div>\n\t\t\t\t<\/div>\n\t\t\t\t<div class=\"elementor-element elementor-element-c67b9e1 elementor-widget elementor-widget-heading\" data-id=\"c67b9e1\" data-element_type=\"widget\" data-e-type=\"widget\" data-widget_type=\"heading.default\">\n\t\t\t\t<div class=\"elementor-widget-container\">\n\t\t\t\t\t<h6 class=\"elementor-heading-title elementor-size-default\">Ar-Ge Faaliyetleri Matrah \u0130ndirimi (%100)\n\nSigorta \u0130\u015fveren Primi Hissesi Deste\u011fi (%50)\nG\u00fcmr\u00fck Vergisi Muafiyeti (%100)\nGelir Vergisi \u0130stisnas\u0131\/Stopaj Deste\u011fi (%90-95)\nDamga Vergisi \u0130stisnas\u0131 (%100)\nTemel Bilimler Personel \u0130stihdam Deste\u011fi<\/h6>\t\t\t\t<\/div>\n\t\t\t\t<\/div>\n\t\t\t\t\t<\/div>\n\t\t\t\t<\/div>\n\t\t\t\t<\/div>\n\t\t","protected":false},"excerpt":{"rendered":"<p>Arge Te\u015fvikleri Sanayi ve Teknoloji Bakanl\u0131\u011f\u0131&#8217;n\u0131n sa\u011flad\u0131\u011f\u0131 Ar-Ge ve Tasar\u0131m desteklerinden faydalanabilmek i\u00e7in gereken t\u00fcm ba\u015fvuru ve uygulama i\u015flemlerini y\u00fcr\u00fct\u00fcyoruz. Ba\u015fvurunuzu yaparak bu desteklerden yararlanma f\u0131rsat\u0131 sunuyoruz. Ayr\u0131ca projelerinizi bir araya getiriyor, mali ve teknik a\u00e7\u0131dan etkin bir y\u00f6netimle s\u00fcre\u00e7 boyunca dan\u0131\u015fmanl\u0131k hizmeti veriyoruz. Arge Te\u015fvik S\u00fcrecini Y\u00fcr\u00fctme S\u00fcrecimiz K\u0131saca uygulad\u0131\u011f\u0131m\u0131z ad\u0131mlar ba\u015fvuru &#8211; Ar-Ge [&hellip;]<\/p>\n","protected":false},"author":1,"featured_media":0,"parent":0,"menu_order":0,"comment_status":"closed","ping_status":"closed","template":"","meta":{"footnotes":""},"class_list":["post-411","page","type-page","status-publish","hentry"],"_links":{"self":[{"href":"http:\/\/birikimtesvik.com\/index.php\/wp-json\/wp\/v2\/pages\/411","targetHints":{"allow":["GET"]}}],"collection":[{"href":"http:\/\/birikimtesvik.com\/index.php\/wp-json\/wp\/v2\/pages"}],"about":[{"href":"http:\/\/birikimtesvik.com\/index.php\/wp-json\/wp\/v2\/types\/page"}],"author":[{"embeddable":true,"href":"http:\/\/birikimtesvik.com\/index.php\/wp-json\/wp\/v2\/users\/1"}],"replies":[{"embeddable":true,"href":"http:\/\/birikimtesvik.com\/index.php\/wp-json\/wp\/v2\/comments?post=411"}],"version-history":[{"count":4,"href":"http:\/\/birikimtesvik.com\/index.php\/wp-json\/wp\/v2\/pages\/411\/revisions"}],"predecessor-version":[{"id":424,"href":"http:\/\/birikimtesvik.com\/index.php\/wp-json\/wp\/v2\/pages\/411\/revisions\/424"}],"wp:attachment":[{"href":"http:\/\/birikimtesvik.com\/index.php\/wp-json\/wp\/v2\/media?parent=411"}],"curies":[{"name":"wp","href":"https:\/\/api.w.org\/{rel}","templated":true}]}}