{"id":502,"date":"2025-03-09T21:04:17","date_gmt":"2025-03-09T21:04:17","guid":{"rendered":"https:\/\/birikimtesvik.com\/?page_id=502"},"modified":"2025-03-18T11:00:16","modified_gmt":"2025-03-18T11:00:16","slug":"yatirim-tesvik-belgesi","status":"publish","type":"page","link":"http:\/\/birikimtesvik.com\/index.php\/yatirim-tesvik-belgesi\/","title":{"rendered":"Yat\u0131r\u0131m Te\u015fvik Belgesi"},"content":{"rendered":"\t\t<div data-elementor-type=\"wp-page\" data-elementor-id=\"502\" class=\"elementor elementor-502\" data-elementor-post-type=\"page\">\n\t\t\t\t<div class=\"elementor-element elementor-element-7d77f7c e-flex e-con-boxed e-con e-parent\" data-id=\"7d77f7c\" data-element_type=\"container\" data-e-type=\"container\">\n\t\t\t\t\t<div class=\"e-con-inner\">\n\t\t<div class=\"elementor-element elementor-element-b7cc1fd e-con-full e-flex e-con e-child\" data-id=\"b7cc1fd\" data-element_type=\"container\" data-e-type=\"container\">\n\t\t\t\t<div class=\"elementor-element elementor-element-cd0bd00 elementor-invisible elementor-widget elementor-widget-heading\" data-id=\"cd0bd00\" data-element_type=\"widget\" data-e-type=\"widget\" data-settings=\"{&quot;_animation&quot;:&quot;fadeIn&quot;}\" data-widget_type=\"heading.default\">\n\t\t\t\t<div class=\"elementor-widget-container\">\n\t\t\t\t\t<h1 class=\"elementor-heading-title elementor-size-default\">Yat\u0131r\u0131m Te\u015fvik Belgesi<\/h1>\t\t\t\t<\/div>\n\t\t\t\t<\/div>\n\t\t\t\t<div class=\"elementor-element elementor-element-fc80e10 elementor-invisible elementor-widget elementor-widget-heading\" data-id=\"fc80e10\" data-element_type=\"widget\" data-e-type=\"widget\" data-settings=\"{&quot;_animation&quot;:&quot;fadeIn&quot;,&quot;_animation_delay&quot;:400}\" data-widget_type=\"heading.default\">\n\t\t\t\t<div class=\"elementor-widget-container\">\n\t\t\t\t\t<h2 class=\"elementor-heading-title elementor-size-default\">Yat\u0131r\u0131m Te\u015fvik Belgesi Dan\u0131\u015fmanl\u0131\u011f\u0131n\u0131n temel amac\u0131 t\u00fcm s\u00fcrecin sorumlulu\u011funu almak ve tek noktadan etkin bir y\u00f6netim hizmeti sunmakt\u0131r. Devlet desteklerinin \u00e7e\u015fitlili\u011fi, farkl\u0131 sistemlere ba\u011fl\u0131 olmalar\u0131 ve farkl\u0131 mevzuat h\u00fck\u00fcmlerine tabi bulunmalar\u0131 bu konuda bir hizmetin teminini g\u00fcn\u00fcm\u00fczde zorunluluk haline getirmi\u015ftir.<\/h2>\t\t\t\t<\/div>\n\t\t\t\t<\/div>\n\t\t\t\t<\/div>\n\t\t<div class=\"elementor-element elementor-element-8734456 e-con-full e-flex e-con e-child\" data-id=\"8734456\" data-element_type=\"container\" data-e-type=\"container\" data-settings=\"{&quot;background_background&quot;:&quot;classic&quot;}\">\n\t\t\t\t<\/div>\n\t\t\t\t\t<\/div>\n\t\t\t\t<\/div>\n\t\t<div class=\"elementor-element elementor-element-fb00446 e-flex e-con-boxed e-con e-parent\" data-id=\"fb00446\" data-element_type=\"container\" data-e-type=\"container\" data-settings=\"{&quot;background_background&quot;:&quot;classic&quot;}\">\n\t\t\t\t\t<div class=\"e-con-inner\">\n\t\t\t\t<div class=\"elementor-element elementor-element-75e173e elementor-widget elementor-widget-heading\" data-id=\"75e173e\" data-element_type=\"widget\" data-e-type=\"widget\" data-widget_type=\"heading.default\">\n\t\t\t\t<div class=\"elementor-widget-container\">\n\t\t\t\t\t<h2 class=\"elementor-heading-title elementor-size-default\">Yat\u0131r\u0131m Te\u015fvik Belgesi Ama\u00e7lar\u0131<\/h2>\t\t\t\t<\/div>\n\t\t\t\t<\/div>\n\t\t\t\t\t<\/div>\n\t\t\t\t<\/div>\n\t\t<div class=\"elementor-element elementor-element-a5f54f5 e-flex e-con-boxed e-con e-parent\" data-id=\"a5f54f5\" data-element_type=\"container\" data-e-type=\"container\">\n\t\t\t\t\t<div class=\"e-con-inner\">\n\t\t<div class=\"elementor-element elementor-element-20b43df e-con-full e-flex e-con e-child\" data-id=\"20b43df\" data-element_type=\"container\" data-e-type=\"container\">\n\t\t<div class=\"elementor-element elementor-element-091a511 e-con-full e-flex e-con e-child\" data-id=\"091a511\" data-element_type=\"container\" data-e-type=\"container\" data-settings=\"{&quot;background_background&quot;:&quot;classic&quot;}\">\n\t\t\t\t<\/div>\n\t\t<div class=\"elementor-element elementor-element-8d5a4d4 e-con-full e-flex e-con e-child\" data-id=\"8d5a4d4\" data-element_type=\"container\" data-e-type=\"container\">\n\t\t\t\t<div class=\"elementor-element elementor-element-0a72d71 elementor-widget elementor-widget-heading\" data-id=\"0a72d71\" data-element_type=\"widget\" data-e-type=\"widget\" data-widget_type=\"heading.default\">\n\t\t\t\t<div class=\"elementor-widget-container\">\n\t\t\t\t\t<h2 class=\"elementor-heading-title elementor-size-default\">1. \nYat\u0131r\u0131m te\u015fvikleri ve di\u011fer devlet desteklerinden eksiksiz yararlanmak<\/h2>\t\t\t\t<\/div>\n\t\t\t\t<\/div>\n\t\t\t\t<\/div>\n\t\t\t\t<\/div>\n\t\t<div class=\"elementor-element elementor-element-65dd8fc e-con-full e-flex e-con e-child\" data-id=\"65dd8fc\" data-element_type=\"container\" data-e-type=\"container\">\n\t\t<div class=\"elementor-element elementor-element-55d6447 e-con-full e-flex e-con e-child\" data-id=\"55d6447\" data-element_type=\"container\" data-e-type=\"container\" data-settings=\"{&quot;background_background&quot;:&quot;classic&quot;}\">\n\t\t\t\t<\/div>\n\t\t<div class=\"elementor-element elementor-element-30cf3d1 e-con-full e-flex e-con e-child\" data-id=\"30cf3d1\" data-element_type=\"container\" data-e-type=\"container\">\n\t\t\t\t<div class=\"elementor-element elementor-element-93a27d9 elementor-widget elementor-widget-heading\" data-id=\"93a27d9\" data-element_type=\"widget\" data-e-type=\"widget\" data-widget_type=\"heading.default\">\n\t\t\t\t<div class=\"elementor-widget-container\">\n\t\t\t\t\t<h2 class=\"elementor-heading-title elementor-size-default\">2. \nYat\u0131r\u0131m Te\u015fvik Belgesi temini ve di\u011fer i\u015flemlerin h\u0131zl\u0131, etkin ve sorunsuz bir bi\u00e7imde y\u00fcr\u00fct\u00fclmesi<\/h2>\t\t\t\t<\/div>\n\t\t\t\t<\/div>\n\t\t\t\t<\/div>\n\t\t\t\t<\/div>\n\t\t<div class=\"elementor-element elementor-element-f29f14a e-con-full e-flex e-con e-child\" data-id=\"f29f14a\" data-element_type=\"container\" data-e-type=\"container\">\n\t\t<div class=\"elementor-element elementor-element-ccdb4f5 e-con-full e-flex e-con e-child\" data-id=\"ccdb4f5\" data-element_type=\"container\" data-e-type=\"container\" data-settings=\"{&quot;background_background&quot;:&quot;classic&quot;}\">\n\t\t\t\t<\/div>\n\t\t<div class=\"elementor-element elementor-element-21ec443 e-con-full e-flex e-con e-child\" data-id=\"21ec443\" data-element_type=\"container\" data-e-type=\"container\">\n\t\t\t\t<div class=\"elementor-element elementor-element-b52e9eb elementor-widget elementor-widget-heading\" data-id=\"b52e9eb\" data-element_type=\"widget\" data-e-type=\"widget\" data-widget_type=\"heading.default\">\n\t\t\t\t<div class=\"elementor-widget-container\">\n\t\t\t\t\t<h2 class=\"elementor-heading-title elementor-size-default\">3.\nHukuki, teknik, mali ve b\u00fcrokratik destekten faydalanmak<\/h2>\t\t\t\t<\/div>\n\t\t\t\t<\/div>\n\t\t\t\t<\/div>\n\t\t\t\t<\/div>\n\t\t<div class=\"elementor-element elementor-element-baf2d05 e-con-full e-flex e-con e-child\" data-id=\"baf2d05\" data-element_type=\"container\" data-e-type=\"container\">\n\t\t<div class=\"elementor-element elementor-element-e9263bc e-con-full e-flex e-con e-child\" data-id=\"e9263bc\" data-element_type=\"container\" data-e-type=\"container\" data-settings=\"{&quot;background_background&quot;:&quot;classic&quot;}\">\n\t\t\t\t<\/div>\n\t\t<div class=\"elementor-element elementor-element-c753272 e-con-full e-flex e-con e-child\" data-id=\"c753272\" data-element_type=\"container\" data-e-type=\"container\">\n\t\t\t\t<div class=\"elementor-element elementor-element-9ab4836 elementor-widget elementor-widget-heading\" data-id=\"9ab4836\" data-element_type=\"widget\" data-e-type=\"widget\" data-widget_type=\"heading.default\">\n\t\t\t\t<div class=\"elementor-widget-container\">\n\t\t\t\t\t<h2 class=\"elementor-heading-title elementor-size-default\">4.\n Mevzuat h\u00fck\u00fcmlerinin takip edilmesi ve yat\u0131r\u0131mc\u0131y\u0131 etkileyen h\u00fck\u00fcmlerle ilgili gerekli i\u015flemi zaman\u0131nda yapmak.<\/h2>\t\t\t\t<\/div>\n\t\t\t\t<\/div>\n\t\t\t\t<\/div>\n\t\t\t\t<\/div>\n\t\t<div class=\"elementor-element elementor-element-6a56d26 e-con-full e-flex e-con e-child\" data-id=\"6a56d26\" data-element_type=\"container\" data-e-type=\"container\">\n\t\t<div class=\"elementor-element elementor-element-f2e7b80 e-con-full e-flex e-con e-child\" data-id=\"f2e7b80\" data-element_type=\"container\" data-e-type=\"container\" data-settings=\"{&quot;background_background&quot;:&quot;classic&quot;}\">\n\t\t\t\t<\/div>\n\t\t<div class=\"elementor-element elementor-element-3ec99b4 e-con-full e-flex e-con e-child\" data-id=\"3ec99b4\" data-element_type=\"container\" data-e-type=\"container\">\n\t\t\t\t<div class=\"elementor-element elementor-element-c8ea0e0 elementor-widget elementor-widget-heading\" data-id=\"c8ea0e0\" data-element_type=\"widget\" data-e-type=\"widget\" data-widget_type=\"heading.default\">\n\t\t\t\t<div class=\"elementor-widget-container\">\n\t\t\t\t\t<h2 class=\"elementor-heading-title elementor-size-default\">5. \n\u00d6nemli tarihleri ve mevzuat\u0131n zorunlu k\u0131ld\u0131\u011f\u0131 i\u015flemleri vaktinde ve eksiksiz tamamlamak.\n<\/h2>\t\t\t\t<\/div>\n\t\t\t\t<\/div>\n\t\t\t\t<\/div>\n\t\t\t\t<\/div>\n\t\t<div class=\"elementor-element elementor-element-fe42c01 e-con-full e-flex e-con e-child\" data-id=\"fe42c01\" data-element_type=\"container\" data-e-type=\"container\">\n\t\t<div class=\"elementor-element elementor-element-4f2ef4f e-con-full e-flex e-con e-child\" data-id=\"4f2ef4f\" data-element_type=\"container\" data-e-type=\"container\" data-settings=\"{&quot;background_background&quot;:&quot;classic&quot;}\">\n\t\t\t\t<\/div>\n\t\t<div class=\"elementor-element elementor-element-e0d02ca e-con-full e-flex e-con e-child\" data-id=\"e0d02ca\" data-element_type=\"container\" data-e-type=\"container\">\n\t\t\t\t<div class=\"elementor-element elementor-element-fcd10ea elementor-widget elementor-widget-heading\" data-id=\"fcd10ea\" data-element_type=\"widget\" data-e-type=\"widget\" data-widget_type=\"heading.default\">\n\t\t\t\t<div class=\"elementor-widget-container\">\n\t\t\t\t\t<h2 class=\"elementor-heading-title elementor-size-default\">6. \nYat\u0131r\u0131m d\u00f6nemi boyunca kar\u015f\u0131la\u015f\u0131labilecek her t\u00fcrl\u00fc sorunun \u00f6ng\u00f6r\u00fclmesi ve \u00f6n\u00fcne ge\u00e7ilmesi<\/h2>\t\t\t\t<\/div>\n\t\t\t\t<\/div>\n\t\t\t\t<\/div>\n\t\t\t\t<\/div>\n\t\t\t\t\t<\/div>\n\t\t\t\t<\/div>\n\t\t\t\t<\/div>\n\t\t","protected":false},"excerpt":{"rendered":"<p>Yat\u0131r\u0131m Te\u015fvik Belgesi Yat\u0131r\u0131m Te\u015fvik Belgesi Dan\u0131\u015fmanl\u0131\u011f\u0131n\u0131n temel amac\u0131 t\u00fcm s\u00fcrecin sorumlulu\u011funu almak ve tek noktadan etkin bir y\u00f6netim hizmeti sunmakt\u0131r. Devlet desteklerinin \u00e7e\u015fitlili\u011fi, farkl\u0131 sistemlere ba\u011fl\u0131 olmalar\u0131 ve farkl\u0131 mevzuat h\u00fck\u00fcmlerine tabi bulunmalar\u0131 bu konuda bir hizmetin teminini g\u00fcn\u00fcm\u00fczde zorunluluk haline getirmi\u015ftir. Yat\u0131r\u0131m Te\u015fvik Belgesi Ama\u00e7lar\u0131 1. Yat\u0131r\u0131m te\u015fvikleri ve di\u011fer devlet desteklerinden eksiksiz [&hellip;]<\/p>\n","protected":false},"author":1,"featured_media":0,"parent":0,"menu_order":0,"comment_status":"closed","ping_status":"closed","template":"","meta":{"footnotes":""},"class_list":["post-502","page","type-page","status-publish","hentry"],"_links":{"self":[{"href":"http:\/\/birikimtesvik.com\/index.php\/wp-json\/wp\/v2\/pages\/502","targetHints":{"allow":["GET"]}}],"collection":[{"href":"http:\/\/birikimtesvik.com\/index.php\/wp-json\/wp\/v2\/pages"}],"about":[{"href":"http:\/\/birikimtesvik.com\/index.php\/wp-json\/wp\/v2\/types\/page"}],"author":[{"embeddable":true,"href":"http:\/\/birikimtesvik.com\/index.php\/wp-json\/wp\/v2\/users\/1"}],"replies":[{"embeddable":true,"href":"http:\/\/birikimtesvik.com\/index.php\/wp-json\/wp\/v2\/comments?post=502"}],"version-history":[{"count":7,"href":"http:\/\/birikimtesvik.com\/index.php\/wp-json\/wp\/v2\/pages\/502\/revisions"}],"predecessor-version":[{"id":525,"href":"http:\/\/birikimtesvik.com\/index.php\/wp-json\/wp\/v2\/pages\/502\/revisions\/525"}],"wp:attachment":[{"href":"http:\/\/birikimtesvik.com\/index.php\/wp-json\/wp\/v2\/media?parent=502"}],"curies":[{"name":"wp","href":"https:\/\/api.w.org\/{rel}","templated":true}]}}