{"id":90,"date":"2025-03-06T13:18:37","date_gmt":"2025-03-06T13:18:37","guid":{"rendered":"https:\/\/birikimtesvik.com\/index.php\/our-story-2\/"},"modified":"2025-06-18T11:18:23","modified_gmt":"2025-06-18T11:18:23","slug":"our-story-2","status":"publish","type":"page","link":"http:\/\/birikimtesvik.com\/index.php\/our-story-2\/","title":{"rendered":"Hakk\u0131m\u0131zda"},"content":{"rendered":"\t\t<div data-elementor-type=\"wp-page\" data-elementor-id=\"90\" class=\"elementor elementor-90\" data-elementor-post-type=\"page\">\n\t\t\t\t<div class=\"elementor-element elementor-element-47a8853c e-con-full e-flex e-con e-parent\" data-id=\"47a8853c\" data-element_type=\"container\" data-e-type=\"container\">\n\t\t<div class=\"elementor-element elementor-element-17565af1 e-con-full e-flex e-con e-child\" data-id=\"17565af1\" data-element_type=\"container\" data-e-type=\"container\" data-settings=\"{&quot;background_background&quot;:&quot;classic&quot;}\">\n\t\t\t\t<\/div>\n\t\t<div class=\"elementor-element elementor-element-8734fb e-con-full e-flex e-con e-child\" data-id=\"8734fb\" data-element_type=\"container\" data-e-type=\"container\">\n\t\t\t\t<div class=\"elementor-element elementor-element-12836e92 elementor-widget elementor-widget-heading\" data-id=\"12836e92\" data-element_type=\"widget\" data-e-type=\"widget\" data-widget_type=\"heading.default\">\n\t\t\t\t<div class=\"elementor-widget-container\">\n\t\t\t\t\t<h6 class=\"elementor-heading-title elementor-size-default\">Kurulu\u015f<\/h6>\t\t\t\t<\/div>\n\t\t\t\t<\/div>\n\t\t\t\t<div class=\"elementor-element elementor-element-3fd0410 elementor-widget elementor-widget-heading\" data-id=\"3fd0410\" data-element_type=\"widget\" data-e-type=\"widget\" data-widget_type=\"heading.default\">\n\t\t\t\t<div class=\"elementor-widget-container\">\n\t\t\t\t\t<h1 class=\"elementor-heading-title elementor-size-default\">Hikayemiz<\/h1>\t\t\t\t<\/div>\n\t\t\t\t<\/div>\n\t\t\t\t<div class=\"elementor-element elementor-element-662ba29b elementor-invisible elementor-widget elementor-widget-text-editor\" data-id=\"662ba29b\" data-element_type=\"widget\" data-e-type=\"widget\" data-settings=\"{&quot;_animation&quot;:&quot;fadeIn&quot;,&quot;_animation_delay&quot;:400}\" data-widget_type=\"text-editor.default\">\n\t\t\t\t<div class=\"elementor-widget-container\">\n\t\t\t\t\t\t\t\t\t<p>Birikim Te\u015fvik\u00a0 uzun y\u0131llar kamu kurumlar\u0131nda proje, te\u015fvik, giri\u015fimcilik ve proje y\u00f6netimi alanlar\u0131nda toplamda 33 y\u0131ll\u0131k tecr\u00fcbeye sahip olan Elgin Kemahl\u0131o\u011flu ve ekibinin , kurumsal hayattaki konfor alanlar\u0131n\u0131n d\u0131\u015f\u0131na \u00e7\u0131karak, bilgi ve tecr\u00fcbelerini payda\u015flar\u0131yla payla\u015fmak \u00fczere 2023 y\u0131l\u0131nda \u0130zmir\u2019de kurduklar\u0131 yenilik\u00e7i bir dan\u0131\u015fmanl\u0131k firmas\u0131d\u0131r.<\/p><p>Birikim Te\u015fvik , Ramize Esra O\u011eUZ ve Ilg\u0131n G\u00dcLER taraf\u0131ndan kurulan, Birikim Planlama Dan\u0131\u015fmanl\u0131k E\u011fitim Ltd \u015eirketinin i\u015f orta\u011f\u0131d\u0131r.<\/p>\t\t\t\t\t\t\t\t<\/div>\n\t\t\t\t<\/div>\n\t\t\t\t<\/div>\n\t\t\t\t<\/div>\n\t\t<div class=\"elementor-element elementor-element-243b162b e-con-full e-flex e-con e-parent\" data-id=\"243b162b\" data-element_type=\"container\" data-e-type=\"container\">\n\t\t<div class=\"elementor-element elementor-element-46fd6c19 e-con-full e-flex e-con e-child\" data-id=\"46fd6c19\" data-element_type=\"container\" data-e-type=\"container\">\n\t\t\t\t<div class=\"elementor-element elementor-element-642346c5 elementor-widget elementor-widget-heading\" data-id=\"642346c5\" data-element_type=\"widget\" data-e-type=\"widget\" data-widget_type=\"heading.default\">\n\t\t\t\t<div class=\"elementor-widget-container\">\n\t\t\t\t\t<h2 class=\"elementor-heading-title elementor-size-default\">Elgin Kemahl\u0131o\u011flu<\/h2>\t\t\t\t<\/div>\n\t\t\t\t<\/div>\n\t\t\t\t<div class=\"elementor-element elementor-element-14575f6a elementor-widget__width-initial elementor-widget-mobile__width-inherit elementor-widget elementor-widget-text-editor\" data-id=\"14575f6a\" data-element_type=\"widget\" data-e-type=\"widget\" data-widget_type=\"text-editor.default\">\n\t\t\t\t<div class=\"elementor-widget-container\">\n\t\t\t\t\t\t\t\t\t<p>Elgin Kemahl\u0131o\u011flu , 1992 \u2018den beri g\u0131da sekt\u00f6r\u00fc ba\u015fta olmak \u00fczere say\u0131s\u0131z proje \u00fcretimi ger\u00e7ekle\u015ftirmi\u015ftir. Hollanda ara\u015ft\u0131rma g\u00f6revi s\u0131ras\u0131nda i\u015f geli\u015ftirme s\u00fcre\u00e7lerinde sistematik prensiplerin eksikli\u011fini fark ederek bu alanda \u00e7al\u0131\u015fmalar\u0131n\u0131 s\u00fcrd\u00fcrm\u00fc\u015ft\u00fcr. Yer ald\u0131\u011f\u0131 projelerde y\u00fczlerce e\u011fitim vererek sekt\u00f6re ara eleman kazand\u0131rm\u0131\u015ft\u0131r. Kemahl\u0131o\u011flu , Ege \u00dcniversitesi G\u0131da M\u00fchendisli\u011fi b\u00f6l\u00fcm\u00fc mezunudur.<\/p>\t\t\t\t\t\t\t\t<\/div>\n\t\t\t\t<\/div>\n\t\t\t\t<\/div>\n\t\t<div class=\"elementor-element elementor-element-e1c9ce9 e-con-full e-flex e-con e-child\" data-id=\"e1c9ce9\" data-element_type=\"container\" data-e-type=\"container\" data-settings=\"{&quot;background_background&quot;:&quot;classic&quot;}\">\n\t\t\t\t<div class=\"elementor-element elementor-element-56eb71d6 elementor-widget elementor-widget-image\" data-id=\"56eb71d6\" data-element_type=\"widget\" data-e-type=\"widget\" data-widget_type=\"image.default\">\n\t\t\t\t<div class=\"elementor-widget-container\">\n\t\t\t\t\t\t\t\t\t\t\t\t\t\t\t<img fetchpriority=\"high\" decoding=\"async\" width=\"850\" height=\"1200\" src=\"https:\/\/birikimtesvik.com\/wp-content\/uploads\/2025\/03\/Artboard-3-100.jpg\" class=\"attachment-full size-full wp-image-251\" alt=\"\" srcset=\"https:\/\/birikimtesvik.com\/wp-content\/uploads\/2025\/03\/Artboard-3-100.jpg 850w, https:\/\/birikimtesvik.com\/wp-content\/uploads\/2025\/03\/Artboard-3-100-213x300.jpg 213w, https:\/\/birikimtesvik.com\/wp-content\/uploads\/2025\/03\/Artboard-3-100-725x1024.jpg 725w, https:\/\/birikimtesvik.com\/wp-content\/uploads\/2025\/03\/Artboard-3-100-768x1084.jpg 768w\" sizes=\"(max-width: 850px) 100vw, 850px\" \/>\t\t\t\t\t\t\t\t\t\t\t\t\t\t\t<\/div>\n\t\t\t\t<\/div>\n\t\t\t\t<div class=\"elementor-element elementor-element-1105a178 elementor-widget elementor-widget-image\" data-id=\"1105a178\" data-element_type=\"widget\" data-e-type=\"widget\" data-widget_type=\"image.default\">\n\t\t\t\t<div class=\"elementor-widget-container\">\n\t\t\t\t\t\t\t\t\t\t\t\t\t\t\t<img decoding=\"async\" width=\"1080\" height=\"1080\" src=\"https:\/\/birikimtesvik.com\/wp-content\/uploads\/2025\/03\/463650256_1061204165480470_3771696016855174976_n.jpg\" class=\"attachment-full size-full wp-image-253\" alt=\"\" srcset=\"https:\/\/birikimtesvik.com\/wp-content\/uploads\/2025\/03\/463650256_1061204165480470_3771696016855174976_n.jpg 1080w, https:\/\/birikimtesvik.com\/wp-content\/uploads\/2025\/03\/463650256_1061204165480470_3771696016855174976_n-300x300.jpg 300w, https:\/\/birikimtesvik.com\/wp-content\/uploads\/2025\/03\/463650256_1061204165480470_3771696016855174976_n-1024x1024.jpg 1024w, https:\/\/birikimtesvik.com\/wp-content\/uploads\/2025\/03\/463650256_1061204165480470_3771696016855174976_n-150x150.jpg 150w, https:\/\/birikimtesvik.com\/wp-content\/uploads\/2025\/03\/463650256_1061204165480470_3771696016855174976_n-768x768.jpg 768w\" sizes=\"(max-width: 1080px) 100vw, 1080px\" \/>\t\t\t\t\t\t\t\t\t\t\t\t\t\t\t<\/div>\n\t\t\t\t<\/div>\n\t\t\t\t<\/div>\n\t\t\t\t<\/div>\n\t\t<div class=\"elementor-element elementor-element-37cda134 e-con-full e-flex e-con e-parent\" data-id=\"37cda134\" data-element_type=\"container\" data-e-type=\"container\" data-settings=\"{&quot;background_background&quot;:&quot;classic&quot;}\">\n\t\t\t\t<div class=\"elementor-element elementor-element-5036cb9 elementor-cta--layout-image-right elementor-cta--valign-middle elementor-cta--mobile-layout-image-above elementor-widget__width-initial elementor-widget-tablet__width-inherit elementor-cta--skin-classic elementor-animated-content elementor-bg-transform elementor-bg-transform-zoom-in elementor-widget elementor-widget-call-to-action\" data-id=\"5036cb9\" data-element_type=\"widget\" data-e-type=\"widget\" data-widget_type=\"call-to-action.default\">\n\t\t\t\t<div class=\"elementor-widget-container\">\n\t\t\t\t\t\t\t<div class=\"elementor-cta\">\n\t\t\t\t\t\t\t<div class=\"elementor-cta__content\">\n\t\t\t\t\n\t\t\t\t\t\t\t\t\t<h2 class=\"elementor-cta__title elementor-cta__content-item elementor-content-item\">\n\t\t\t\t\t\t\u0130\u015finize De\u011fer Katan Ekip\t\t\t\t\t<\/h2>\n\t\t\t\t\n\t\t\t\t\t\t\t\t\t<div class=\"elementor-cta__description elementor-cta__content-item elementor-content-item\">\n\t\t\t\t\t\tT\u00fcm payda\u015flar\u0131m\u0131zla ayn\u0131 de\u011ferleri, tutkuyu ve azmi payla\u015farak ayn\u0131 hedefler i\u00e7in hep birlikte \u00e7al\u0131\u015f\u0131yoruz. \u00c7\u00fcnk\u00fc biz biliyoruz ki yapt\u0131\u011f\u0131m\u0131z i\u015f, bir ekip i\u015fi! Bizim uzmanl\u0131k alan\u0131m\u0131z proje ve te\u015fvik y\u00f6netimi olmas\u0131na kar\u015f\u0131l\u0131k; i\u015fletmenizin bizim alan\u0131m\u0131zla ili\u015fkili hizmet alanlar\u0131nda da kaliteli ve h\u0131zl\u0131 hizmet alabilmesi i\u00e7in alan\u0131nda uzman \u00e7\u00f6z\u00fcm ortaklar\u0131m\u0131zla \u00e7al\u0131\u015fmaktan her zaman gurur duyduk.\n\t\t\t\t\t<\/div>\n\t\t\t\t\n\t\t\t\t\t\t\t\t\t<div class=\"elementor-cta__button-wrapper elementor-cta__content-item elementor-content-item \">\n\t\t\t\t\t<a class=\"elementor-cta__button elementor-button elementor-size-md\" href=\"https:\/\/birikimtesvik.com\/index.php\/contact-us\/\">\n\t\t\t\t\t\t\u0130leti\u015fim\t\t\t\t\t<\/a>\n\t\t\t\t\t<\/div>\n\t\t\t\t\t\t\t<\/div>\n\t\t\t\t\t\t<\/div>\n\t\t\t\t\t\t<\/div>\n\t\t\t\t<\/div>\n\t\t\t\t<\/div>\n\t\t\t\t<\/div>\n\t\t","protected":false},"excerpt":{"rendered":"<p>Kurulu\u015f Hikayemiz Birikim Te\u015fvik\u00a0 uzun y\u0131llar kamu kurumlar\u0131nda proje, te\u015fvik, giri\u015fimcilik ve proje y\u00f6netimi alanlar\u0131nda toplamda 33 y\u0131ll\u0131k tecr\u00fcbeye sahip olan Elgin Kemahl\u0131o\u011flu ve ekibinin , kurumsal hayattaki konfor alanlar\u0131n\u0131n d\u0131\u015f\u0131na \u00e7\u0131karak, bilgi ve tecr\u00fcbelerini payda\u015flar\u0131yla payla\u015fmak \u00fczere 2023 y\u0131l\u0131nda \u0130zmir\u2019de kurduklar\u0131 yenilik\u00e7i bir dan\u0131\u015fmanl\u0131k firmas\u0131d\u0131r. Birikim Te\u015fvik , Ramize Esra O\u011eUZ ve Ilg\u0131n G\u00dcLER [&hellip;]<\/p>\n","protected":false},"author":1,"featured_media":0,"parent":0,"menu_order":0,"comment_status":"closed","ping_status":"closed","template":"elementor_header_footer","meta":{"footnotes":""},"class_list":["post-90","page","type-page","status-publish","hentry"],"_links":{"self":[{"href":"http:\/\/birikimtesvik.com\/index.php\/wp-json\/wp\/v2\/pages\/90","targetHints":{"allow":["GET"]}}],"collection":[{"href":"http:\/\/birikimtesvik.com\/index.php\/wp-json\/wp\/v2\/pages"}],"about":[{"href":"http:\/\/birikimtesvik.com\/index.php\/wp-json\/wp\/v2\/types\/page"}],"author":[{"embeddable":true,"href":"http:\/\/birikimtesvik.com\/index.php\/wp-json\/wp\/v2\/users\/1"}],"replies":[{"embeddable":true,"href":"http:\/\/birikimtesvik.com\/index.php\/wp-json\/wp\/v2\/comments?post=90"}],"version-history":[{"count":16,"href":"http:\/\/birikimtesvik.com\/index.php\/wp-json\/wp\/v2\/pages\/90\/revisions"}],"predecessor-version":[{"id":531,"href":"http:\/\/birikimtesvik.com\/index.php\/wp-json\/wp\/v2\/pages\/90\/revisions\/531"}],"wp:attachment":[{"href":"http:\/\/birikimtesvik.com\/index.php\/wp-json\/wp\/v2\/media?parent=90"}],"curies":[{"name":"wp","href":"https:\/\/api.w.org\/{rel}","templated":true}]}}